{"id":1076,"date":"2025-11-08T13:21:37","date_gmt":"2025-11-08T13:21:37","guid":{"rendered":"https:\/\/withsecure.vps.staging.elixirrdigital.com\/?page_id=1076"},"modified":"2025-11-28T13:52:54","modified_gmt":"2025-11-28T13:52:54","slug":"websites","status":"publish","type":"page","link":"https:\/\/withsecure.vps.staging.elixirrdigital.com\/fi\/websites\/","title":{"rendered":"Websites"},"content":{"rendered":"<section\n    class=\"wp-block-one-column-block edwp-block js-wp-block-one-column-block wp-block-one-column-block--content-1 layout--spacing-m-top layout--spacing-xxxl-bottom\"\n    >\n    <div class=\"wp-block-one-column-block__container\">\n                                                                                                                                <div class=\"wp-component-image__wrapper wp-block-one-column-block__image fade-in\">\n                    <figure class=\"wp-component-image__figure\">\n                    <img loading=\"lazy\" decoding=\"async\" width=\"1920\" height=\"504\" src=\"https:\/\/withsecure.vps.staging.elixirrdigital.com\/wp-content\/smush-webp\/2025\/11\/thin-legal.png.webp\" class=\"wp-component-image\n                        wp-component-image--desktop\n                        wp-component-image--mobile\n                        wp-component-image--ratio-content-32-8 wp-component-image--fit-cover\" alt=\"\" srcset=\"https:\/\/withsecure.vps.staging.elixirrdigital.com\/wp-content\/smush-webp\/2025\/11\/thin-legal.png.webp 1920w, https:\/\/withsecure.vps.staging.elixirrdigital.com\/wp-content\/smush-webp\/2025\/11\/thin-legal-300x79.png.webp 300w, https:\/\/withsecure.vps.staging.elixirrdigital.com\/wp-content\/smush-webp\/2025\/11\/thin-legal-1024x269.png.webp 1024w, https:\/\/withsecure.vps.staging.elixirrdigital.com\/wp-content\/smush-webp\/2025\/11\/thin-legal-768x202.png.webp 768w, https:\/\/withsecure.vps.staging.elixirrdigital.com\/wp-content\/smush-webp\/2025\/11\/thin-legal-1536x403.png.webp 1536w, https:\/\/withsecure.vps.staging.elixirrdigital.com\/wp-content\/smush-webp\/2025\/11\/thin-legal-447x117.png.webp 447w, https:\/\/withsecure.vps.staging.elixirrdigital.com\/wp-content\/smush-webp\/2025\/11\/thin-legal-556x146.png.webp 556w\" sizes=\"auto, (max-width: 1920px) 100vw, 1920px\" \/>                                <\/figure>\n                    <\/div>\n                                                                                <\/div>\n<\/section>\n\n\n<section\n    class=\"wp-block-one-column-block edwp-block js-wp-block-one-column-block wp-block-one-column-block--content-4 layout--spacing-xxxl-bottom\"\n     id='#licenceterms'>\n    <div class=\"wp-block-one-column-block__container\">\n                                                                                                                            <div class=\"wp-component-paragraph-with-sidebar wp-block-one-column-block__paragraph-with-sidebar fade-in\">\n    <div class=\"wp-component-paragraph-with-sidebar__sidebar\">\n                    <div class=\"wp-component-paragraph-with-sidebar__mobile-nav\">\n                <label\n                    for=\"block_56891fb4ffbb61889ff20874b6f68a63-mobile-nav\"\n                    class=\"wp-component-paragraph-with-sidebar__mobile-label\"\n                >\n                    Siirry kohtaan                <\/label>\n                <select\n                    id=\"block_56891fb4ffbb61889ff20874b6f68a63-mobile-nav\"\n                    name=\"wp-component-paragraph-with-sidebar-mobile-nav\"\n                    class=\"wp-component-paragraph-with-sidebar__mobile-select\"\n                    aria-label=\"Siirry sivulle\"\n                >\n                    <option value=\"\">Valitse sivu\u2026<\/option>\n                                            <option value=\"https:\/\/withsecure.vps.staging.elixirrdigital.com\/fi\/data-processing-agreement\/\" >\n                            Data Processing Agreement                        <\/option>\n                                            <option value=\"https:\/\/withsecure.vps.staging.elixirrdigital.com\/fi\/element-vulnerability-management\/\" >\n                            Element Vulnerability Management                        <\/option>\n                                            <option value=\"https:\/\/withsecure.vps.staging.elixirrdigital.com\/fi\/community-forums\/\" >\n                            Community forums                        <\/option>\n                                            <option value=\"https:\/\/withsecure.vps.staging.elixirrdigital.com\/fi\/remote-support\/\" >\n                            Remote support                        <\/option>\n                                            <option value=\"https:\/\/withsecure.vps.staging.elixirrdigital.com\/fi\/websites\/\" >\n                            Verkkosivustojen k\u00e4ytt\u00f6ehdot                        <\/option>\n                                    <\/select>\n            <\/div>\n        \n        <div class=\"wp-component-paragraph-with-sidebar__desktop-links\">\n            <ul id=\"menu-kayttoehdot\" class=\"wp-component-paragraph-with-sidebar__sidebar-menu\"><li id=\"menu-item-1081\" class=\"menu-item menu-item-type-post_type menu-item-object-page menu-item-1081\"><a href=\"https:\/\/withsecure.vps.staging.elixirrdigital.com\/fi\/data-processing-agreement\/\">Data Processing Agreement<\/a><\/li>\n<li id=\"menu-item-1066\" class=\"menu-item menu-item-type-post_type menu-item-object-page menu-item-1066\"><a href=\"https:\/\/withsecure.vps.staging.elixirrdigital.com\/fi\/element-vulnerability-management\/\">Element Vulnerability Management<\/a><\/li>\n<li id=\"menu-item-1070\" class=\"menu-item menu-item-type-post_type menu-item-object-page menu-item-1070\"><a href=\"https:\/\/withsecure.vps.staging.elixirrdigital.com\/fi\/community-forums\/\">Community forums<\/a><\/li>\n<li id=\"menu-item-1075\" class=\"menu-item menu-item-type-post_type menu-item-object-page menu-item-1075\"><a href=\"https:\/\/withsecure.vps.staging.elixirrdigital.com\/fi\/remote-support\/\">Remote support<\/a><\/li>\n<li id=\"menu-item-1078\" class=\"menu-item menu-item-type-post_type menu-item-object-page menu-item-1078\"><a href=\"https:\/\/withsecure.vps.staging.elixirrdigital.com\/fi\/websites\/\">Verkkosivustojen k\u00e4ytt\u00f6ehdot<\/a><\/li>\n<\/ul>        <\/div>\n    <\/div>\n    <div class=\"wp-component-paragraph-with-sidebar__content\">\n        <div class=\"wp-component-paragraph wp-component-paragraph-with-sidebar__paragraph\">\n    <h1 class=\"text--h2\">Verkkosivustojen <span class=\"blue-text\">k\u00e4ytt\u00f6ehdot<\/span><\/h1>\n<p>Huomaa, ett\u00e4 seuraavat ehdot koskevat WithSecure\u2122:n Web-sivujen k\u00e4ytt\u00f6\u00e4.<\/p>\n<h2 class=\"text--h3\">Vastuuvapaus\u00adlauseke<\/h2>\n<p>WithSecure\u2122:n Web-sivujen sis\u00e4lt\u00f6 toimitetaan &#8221;sellaisenaan&#8221; ja &#8221;saatavuuden mukaan&#8221;. Mit\u00e4\u00e4n suoraa tai ep\u00e4suoraa takuuta ei anneta n\u00e4iden sivujen k\u00e4ytett\u00e4vyydelle, tarkkuudelle, luotettavuudelle tai sis\u00e4ll\u00f6lle. WithSecure\u2122 ei ole lain sallimassa m\u00e4\u00e4rin vastuussa mist\u00e4\u00e4n suorista, ep\u00e4suorista tai v\u00e4lillisist\u00e4 vahingoista, joita n\u00e4iden sivujen k\u00e4yt\u00f6st\u00e4 tai k\u00e4ytt\u00f6kyvytt\u00f6myydest\u00e4 ilmenee.<\/p>\n<h2 class=\"text--h3\">Kolmannen osapuolen sivustot<\/h2>\n<p>T\u00e4m\u00e4 k\u00e4yt\u00e4nt\u00f6 koskee vain palvelimistamme teht\u00e4vi\u00e4 toimenpiteit\u00e4. Web-sivustoissamme on linkkej\u00e4 muihin sivustoihin, joita emme hallinnoi. Emme ole vastuussa kolmansien osapuolten Web-sivustojen sis\u00e4ll\u00f6st\u00e4, kommenteista tai sovelluksista. N\u00e4m\u00e4 linkit toimitetaan vain k\u00e4yt\u00f6n helpottamiseksi, eik\u00e4 linkkien lis\u00e4\u00e4minen tarkoita, ett\u00e4 mainostamme linkitetty\u00e4 Web-sivustoa.<\/p>\n<h2 class=\"text--h3\">Omistajuus<\/h2>\n<p>WithSecure\u2122:n Web-sivujen sis\u00e4lt\u00f6 on suojattu kansainv\u00e4lisill\u00e4 tekij\u00e4noikeuslaeilla. Kaikki oikeudet pid\u00e4tet\u00e4\u00e4n. Kaiken sis\u00e4ll\u00f6n tai sen osan, mukaan lukien rajoituksetta kuvat, muotokieli, logo, \u00e4\u00e4nileikkeet, videoleikkeet ja HTML-koodi, kopiointi, siirto, jakelu tai tallennus miss\u00e4 tahansa muodossa sek\u00e4 kaikki luvaton osittainen tai kokonainen tekstien, kuvitusten, muotokielen tai logojen kopiointi mill\u00e4 tahansa keinolla ilman WithSecure\u2122:n kirjallista lupaa on kielletty. Suojaamme immateriaalioikeuksiamme lain sallimassa laajuudessa mahdollisimman kattavasti. &#8221;WithSecure\u2122&#8221; ja W\/-logo ovat WithSecure\u2122 Corporationin rekister\u00f6ityj\u00e4 tavaramerkkej\u00e4. WithSecure\u2122:n tuotteiden ja tekniikoiden nimet ja WithSecure\u2122:n logot ovat WithSecure\u2122 Corporationin tavaramerkkej\u00e4 tai rekister\u00f6ityj\u00e4 tavaramerkkej\u00e4. Muut t\u00e4ss\u00e4 mainitut tuotenimet ja logot ovat omistajayritystens\u00e4 tavaramerkkej\u00e4 tai rekister\u00f6ityj\u00e4 tavaramerkkej\u00e4.<\/p>\n<h2 class=\"text--h3\">Tietoturva ja tietosuoja<\/h2>\n<p>WithSecure\u2122 on sitoutunut varmistamaan tietojesi tietoturvan. Est\u00e4mme luvattoman k\u00e4yt\u00f6n tai julkaisun, yll\u00e4pid\u00e4mme tietojen oikeellisuutta ja varmistamme niiden asianmukaisen k\u00e4yt\u00f6n asiaankuuluvilla fyysisill\u00e4, s\u00e4hk\u00f6isill\u00e4 ja hallinnollisilla toimenpiteill\u00e4, jotka suojaavat ja turvaavat verkosta ker\u00e4\u00e4mi\u00e4mme tietoja. Lis\u00e4tietoja tietosuojak\u00e4yt\u00e4nn\u00f6ist\u00e4mme on <a href=\"https:\/\/www.f-secure.com\/fi\/legal\/privacy\/statement\" target=\"_blank\" rel=\"noopener\">t\u00e4\u00e4ll\u00e4<\/a>.<\/p>\n<h2 class=\"text--h3\">Julkaisut<\/h2>\n<p>Kaikki WithSecure\u2122:lle Web-sivustojemme kautta l\u00e4hetetyt tiedotteet, ehdotukset, ideat, keskusteluviestit tai k\u00e4sitteet ovat WithSecure\u2122:n omaisuutta, johon meill\u00e4 ei ole yksinoikeutta. WithSecure\u2122 ei ole vastuussa Web-sivuillamme julkaistujen tietojen luottamuksellisuudesta. Jos julkaiset materiaalia WithSecure\u2122:n Web-sivustossa, hyv\u00e4ksyt, ett\u00e4 WithSecure\u2122:lla on oikeus julkaista materiaalia tuotteissa tai julkaisuissa miss\u00e4 tahansa tarkoituksessa, mukaan lukien rajoituksetta tuote- ja\/tai palvelukehitys, mainonta ja kampanjointi. Hyv\u00e4ksyt, ettet ryhdy mihink\u00e4\u00e4n toimiin meit\u00e4 vastaan l\u00e4hett\u00e4m\u00e4si materiaalin osalta. Kaikki WithSecure\u2122:lle yhteis\u00f6mme Web-sivuston kautta l\u00e4hetetyt tiedotteet, ehdotukset, ideat, keskusteluviestit tai k\u00e4sitteet (&#8221;materiaali&#8221;) ovat WithSecure\u2122:n omaisuutta ja pysyv\u00e4t WithSecure\u2122:n omistuksessa.<\/p>\n<h2 class=\"text--h3\">Muutokset<\/h2>\n<p>N\u00e4m\u00e4 ehdot eiv\u00e4t ole kattavat, vaan tiettyyn sis\u00e4lt\u00f6\u00f6n tai tiettyihin palveluihin tai toimintoihin voi liitty\u00e4 lis\u00e4ehtoja. WithSecure\u2122 pid\u00e4tt\u00e4\u00e4 oikeuden muokata sivuja tai est\u00e4\u00e4 niiden k\u00e4yt\u00f6n milloin tahansa. T\u00e4h\u00e4n k\u00e4yt\u00e4nt\u00f6\u00f6n tehdyt muutokset julkaistaan t\u00e4ss\u00e4 URL-osoitteessa, ja ne tulevat voimaan julkaisuhetkell\u00e4. Voit tarkistaa p\u00e4ivitykset k\u00e4ym\u00e4ll\u00e4 sivustossamme uudelleen.<\/p>\n<\/div>\n    <\/div>\n<\/div>                                                                                <\/div>\n<\/section>\n","protected":false},"excerpt":{"rendered":"","protected":false},"author":3,"featured_media":0,"parent":0,"menu_order":0,"comment_status":"closed","ping_status":"closed","template":"","meta":{"_acf_changed":false,"footnotes":""},"class_list":["post-1076","page","type-page","status-publish","hentry"],"acf":[],"card":"<article class=\"wp-component-card wp-component-card--style-highlighted\">\n        <div class=\"wp-component-card__content\">\n                <div>\n                                    <h2                            class=\"wp-component-card__title\"\n            >\n                Websites        <\/h2>\n                    <\/div>\n                                    <div class=\"wp-component-card__button-wrapper\">\n                <a class=\"wp-component-button btn btn--primary btn--dark btn--small wp-component-card__button\" href=\"https:\/\/withsecure.vps.staging.elixirrdigital.com\/fi\/websites\/\">Lue lis\u00e4\u00e4<\/a>                            <\/div>\n            <\/div>\n<\/article>","_links":{"self":[{"href":"https:\/\/withsecure.vps.staging.elixirrdigital.com\/fi\/wp-json\/wp\/v2\/pages\/1076","targetHints":{"allow":["GET"]}}],"collection":[{"href":"https:\/\/withsecure.vps.staging.elixirrdigital.com\/fi\/wp-json\/wp\/v2\/pages"}],"about":[{"href":"https:\/\/withsecure.vps.staging.elixirrdigital.com\/fi\/wp-json\/wp\/v2\/types\/page"}],"author":[{"embeddable":true,"href":"https:\/\/withsecure.vps.staging.elixirrdigital.com\/fi\/wp-json\/wp\/v2\/users\/3"}],"replies":[{"embeddable":true,"href":"https:\/\/withsecure.vps.staging.elixirrdigital.com\/fi\/wp-json\/wp\/v2\/comments?post=1076"}],"version-history":[{"count":1,"href":"https:\/\/withsecure.vps.staging.elixirrdigital.com\/fi\/wp-json\/wp\/v2\/pages\/1076\/revisions"}],"predecessor-version":[{"id":1077,"href":"https:\/\/withsecure.vps.staging.elixirrdigital.com\/fi\/wp-json\/wp\/v2\/pages\/1076\/revisions\/1077"}],"wp:attachment":[{"href":"https:\/\/withsecure.vps.staging.elixirrdigital.com\/fi\/wp-json\/wp\/v2\/media?parent=1076"}],"curies":[{"name":"wp","href":"https:\/\/api.w.org\/{rel}","templated":true}]}}