{"id":1082,"date":"2025-11-06T08:06:55","date_gmt":"2025-11-06T08:06:55","guid":{"rendered":"https:\/\/withsecure.vps.staging.elixirrdigital.com\/?page_id=1082"},"modified":"2025-11-28T14:00:53","modified_gmt":"2025-11-28T14:00:53","slug":"privacy-policy","status":"publish","type":"page","link":"https:\/\/withsecure.vps.staging.elixirrdigital.com\/fi\/privacy-policy\/","title":{"rendered":"Privacy policy"},"content":{"rendered":"<section\n    class=\"wp-block-one-column-block edwp-block js-wp-block-one-column-block wp-block-one-column-block--content-1 layout--spacing-m-top layout--spacing-xxxl-bottom\"\n    >\n    <div class=\"wp-block-one-column-block__container\">\n                                                                                                                                <div class=\"wp-component-image__wrapper wp-block-one-column-block__image fade-in\">\n                    <figure class=\"wp-component-image__figure\">\n                    <img loading=\"lazy\" decoding=\"async\" width=\"1920\" height=\"504\" src=\"https:\/\/withsecure.vps.staging.elixirrdigital.com\/wp-content\/smush-webp\/2025\/11\/thin-legal.png.webp\" class=\"wp-component-image\n                        wp-component-image--desktop\n                        wp-component-image--mobile\n                        wp-component-image--ratio-content-32-8 wp-component-image--fit-cover\" alt=\"\" srcset=\"https:\/\/withsecure.vps.staging.elixirrdigital.com\/wp-content\/smush-webp\/2025\/11\/thin-legal.png.webp 1920w, https:\/\/withsecure.vps.staging.elixirrdigital.com\/wp-content\/smush-webp\/2025\/11\/thin-legal-300x79.png.webp 300w, https:\/\/withsecure.vps.staging.elixirrdigital.com\/wp-content\/smush-webp\/2025\/11\/thin-legal-1024x269.png.webp 1024w, https:\/\/withsecure.vps.staging.elixirrdigital.com\/wp-content\/smush-webp\/2025\/11\/thin-legal-768x202.png.webp 768w, https:\/\/withsecure.vps.staging.elixirrdigital.com\/wp-content\/smush-webp\/2025\/11\/thin-legal-1536x403.png.webp 1536w, https:\/\/withsecure.vps.staging.elixirrdigital.com\/wp-content\/smush-webp\/2025\/11\/thin-legal-447x117.png.webp 447w, https:\/\/withsecure.vps.staging.elixirrdigital.com\/wp-content\/smush-webp\/2025\/11\/thin-legal-556x146.png.webp 556w\" sizes=\"auto, (max-width: 1920px) 100vw, 1920px\" \/>                                <\/figure>\n                    <\/div>\n                                                                                <\/div>\n<\/section>\n\n\n<section\n    class=\"wp-block-one-column-block edwp-block js-wp-block-one-column-block wp-block-one-column-block--content-4 layout--spacing-xxxl-bottom\"\n     id='#licenceterms'>\n    <div class=\"wp-block-one-column-block__container\">\n                                                                                                                            <div class=\"wp-component-paragraph-with-sidebar wp-block-one-column-block__paragraph-with-sidebar fade-in\">\n    <div class=\"wp-component-paragraph-with-sidebar__sidebar\">\n                    <div class=\"wp-component-paragraph-with-sidebar__mobile-nav\">\n                <label\n                    for=\"block_c32b876b856342ffaf97bff07ab325df-mobile-nav\"\n                    class=\"wp-component-paragraph-with-sidebar__mobile-label\"\n                >\n                    Siirry kohtaan                <\/label>\n                <select\n                    id=\"block_c32b876b856342ffaf97bff07ab325df-mobile-nav\"\n                    name=\"wp-component-paragraph-with-sidebar-mobile-nav\"\n                    class=\"wp-component-paragraph-with-sidebar__mobile-select\"\n                    aria-label=\"Siirry sivulle\"\n                >\n                    <option value=\"\">Valitse sivu\u2026<\/option>\n                                            <option value=\"https:\/\/withsecure.vps.staging.elixirrdigital.com\/fi\/data-protection-statement\/\" >\n                            Tietosuojalausunto                        <\/option>\n                                            <option value=\"https:\/\/withsecure.vps.staging.elixirrdigital.com\/fi\/business-operations\/\" >\n                            Yritysliiketoiminta                        <\/option>\n                                            <option value=\"https:\/\/withsecure.vps.staging.elixirrdigital.com\/fi\/support-tool-privacy-policy\/\" >\n                            Tukity\u00f6kalut                        <\/option>\n                                            <option value=\"https:\/\/withsecure.vps.staging.elixirrdigital.com\/fi\/surveys\/\" >\n                            Asiakaskyselyt                        <\/option>\n                                            <option value=\"https:\/\/withsecure.vps.staging.elixirrdigital.com\/fi\/website\/\" >\n                            Verkkosivut                        <\/option>\n                                    <\/select>\n            <\/div>\n        \n        <div class=\"wp-component-paragraph-with-sidebar__desktop-links\">\n            <ul id=\"menu-yksityisyysperiaatteet\" class=\"wp-component-paragraph-with-sidebar__sidebar-menu\"><li id=\"menu-item-1091\" class=\"menu-item menu-item-type-post_type menu-item-object-page menu-item-1091\"><a href=\"https:\/\/withsecure.vps.staging.elixirrdigital.com\/fi\/data-protection-statement\/\">Tietosuojalausunto<\/a><\/li>\n<li id=\"menu-item-1094\" class=\"menu-item menu-item-type-post_type menu-item-object-page menu-item-1094\"><a href=\"https:\/\/withsecure.vps.staging.elixirrdigital.com\/fi\/business-operations\/\">Yritysliiketoiminta<\/a><\/li>\n<li id=\"menu-item-1088\" class=\"menu-item menu-item-type-post_type menu-item-object-page menu-item-1088\"><a href=\"https:\/\/withsecure.vps.staging.elixirrdigital.com\/fi\/support-tool-privacy-policy\/\">Tukity\u00f6kalut<\/a><\/li>\n<li id=\"menu-item-1155\" class=\"menu-item menu-item-type-post_type menu-item-object-page menu-item-1155\"><a href=\"https:\/\/withsecure.vps.staging.elixirrdigital.com\/fi\/surveys\/\">Asiakaskyselyt<\/a><\/li>\n<li id=\"menu-item-1160\" class=\"menu-item menu-item-type-post_type menu-item-object-page menu-item-1160\"><a href=\"https:\/\/withsecure.vps.staging.elixirrdigital.com\/fi\/website\/\">Verkkosivut<\/a><\/li>\n<\/ul>        <\/div>\n    <\/div>\n    <div class=\"wp-component-paragraph-with-sidebar__content\">\n        <div class=\"wp-component-paragraph wp-component-paragraph-with-sidebar__paragraph\">\n    <h1 class=\"text--h2\">Yksityisyys\u00adperiaatteet<\/h1>\n<h2 class=\"text--h3\">1. Kunnioitamme oikeuttasi yksityisyyteen<\/h2>\n<p>Yksityisyytesi kunnioittaminen on ensi\u00adarvoista toiminnassamme. Osoittamasi luottamus on t\u00e4rke\u00e4\u00e4 meille. Mielest\u00e4mme henkil\u00f6\u00adtietosi ja digitaalisen sis\u00e4lt\u00f6si hallinta kuuluu sinulle ja meid\u00e4n teht\u00e4v\u00e4mme on est\u00e4\u00e4 niiden luvaton k\u00e4ytt\u00f6. Kun pyyd\u00e4mme tietoja sinulta, tarkoituksenamme on tarjota parempaa palvelua: jos emme tarvitse tietojasi, emme pyyd\u00e4 niit\u00e4.<\/p>\n<h2 class=\"text--h3\">2. Me suojaamme sinua<\/h2>\n<p>Me pid\u00e4mme periaatteistamme kiinni ja lis\u00e4ksi pyrimme suojaamaan sinua ulkoisilta uhilta. Teemme t\u00e4m\u00e4n palveluillamme ja jakamalla n\u00e4kemyksi\u00e4mme digitaalisista eko\u00adsysteemeist\u00e4. Digitaalisen el\u00e4m\u00e4si ei kuulu kenellek\u00e4\u00e4n muulle kuin sinulle.<\/p>\n<h2 class=\"text--h3\">3. P\u00e4\u00e4t\u00e4t itse, mit\u00e4 tietoja annat meille<\/h2>\n<p>Pyrimme kehitt\u00e4m\u00e4\u00e4n palvelujamme ja viestint\u00e4\u00e4mme, mink\u00e4 takia ker\u00e4\u00e4mme tietoja siit\u00e4, miten sovelluksemme l\u00f6ydet\u00e4\u00e4n ja miten niit\u00e4 k\u00e4ytet\u00e4\u00e4n. T\u00e4m\u00e4n takia, kun k\u00e4yt\u00e4t palvelujamme, seuraamme sit\u00e4, mit\u00e4 toimintoja k\u00e4ytet\u00e4\u00e4n eniten ja mitk\u00e4 tapahtumat aiheuttavat virhesanomia. Ymm\u00e4rr\u00e4mme t\u00e4ysin, jos et halua meid\u00e4n seuraavan t\u00e4llaisia tapahtumia, joten WithSecuren tuotteissa voit kielt\u00e4\u00e4 ei-v\u00e4ltt\u00e4m\u00e4tt\u00f6mien tietojen keruun.<\/p>\n<h2 class=\"text--h3\">4. Ei takaovia<\/h2>\n<p>Emme lis\u00e4\u00e4 palveluihimme tai ohjelmiimme takaovia, joiden kautta viranomaiset tai muut tahot voivat k\u00e4ytt\u00e4\u00e4 niiden tietoja. Jos rikos\u00adtutkimusta tekev\u00e4t viranomaiset haluavat meilt\u00e4 tietoja, he tarvitsevat siihen oikeuden luvan.<\/p>\n<h2 class=\"text--h3\">5. Yksityisyys ja tietoturva kulkevat k\u00e4si k\u00e4dess\u00e4<\/h2>\n<p>Suojatut palvelut auttavat pit\u00e4m\u00e4\u00e4n arvokkaat tiedot turvassa pahan\u00adsuovilta toimilta ja uteliailta katseilta. Yksityisyytt\u00e4 ei voida taata ilman tieto\u00adturvaa. Omistautumisemme yksityisyydelle ja tietoturva-asian\u00adtuntemuksemme yhdess\u00e4 varmistavat, ett\u00e4 voimme tarjota sinulle todellisen digitaalisen vapauden.<\/p>\n<h2 class=\"text--h3\">6. Pysymme asiassa<\/h2>\n<p>Haluamme aktivoida ja auttaa sinua pysym\u00e4\u00e4n turvassa digitaali\u00admaailmassa. Yksi tavoista, jolla pyrimme t\u00e4h\u00e4n, ovat asiaan\u00adkuuluvat viestit. Viestint\u00e4mme ei ole pelkk\u00e4\u00e4 markkinointia. Ne on tarkoitettu informatiivisiksi, hauskoiksi ja hy\u00f6dyllisiksi ja niiden tarkoituksena on auttaa sinua saamaan kaikki hy\u00f6ty palveluistamme. Voit milloin tahansa halutessasi kielt\u00e4\u00e4 viestiemme l\u00e4hett\u00e4misen sinulle.<\/p>\n<h2 class=\"text--h3\">7. Valitsemme luotettavia palveluntarjoajia<\/h2>\n<p>Internet on ekosysteemi, jossa toimiminen edellytt\u00e4\u00e4 meilt\u00e4 ja kaikilta muilta digitaali\u00adpalvelujen tarjoajilta ulkoisten ratkaisujen k\u00e4ytt\u00e4mist\u00e4. Valitsemme k\u00e4ytt\u00e4m\u00e4mme palvelun\u00adtarjoajat huolellisesti, koska edellyt\u00e4mme heilt\u00e4 kaltaistamme sitoutumista yksityisyyteen ja tietoturvaan. Lis\u00e4ksi emme luovuta heille enemp\u00e4\u00e4 tietoja kuin he tarvitsevat.<\/p>\n<h2 class=\"text--h3\">8. Olemme hyv\u00e4n puolella<\/h2>\n<p>Hyvien ohjelmien taustalta l\u00f6ytyy aina hyvi\u00e4 ihmisi\u00e4. WithSecuren toiminta\u00adkulttuuriin kuuluvat rehellisyys ja tinkim\u00e4tt\u00f6myys. Uskomme, ett\u00e4 ilmainen ja avoin Internet hy\u00f6dytt\u00e4\u00e4 ihmiskuntaa ja ett\u00e4 voimme suojella yksityisyytt\u00e4 ja digitaalista vapautta, koska meill\u00e4 on oikeat ihmiset siihen.<\/p>\n<h2 class=\"text--h3\">9. L\u00e4pin\u00e4kyvyys<\/h2>\n<p>Toimimme avoimesti ja rehellisesti kanssasi. Emme k\u00e4yt\u00e4 henkil\u00f6\u00adtietojasi mihink\u00e4\u00e4n piilo\u00ad\u00adtarkoituksiin. Pyrimme viestim\u00e4\u00e4n selke\u00e4sti ja helppo\u00adtajuisesti ja v\u00e4ltt\u00e4m\u00e4\u00e4n vaikea\u00adselkoista ammattikielt\u00e4.<\/p>\n<\/div>\n    <\/div>\n<\/div>                                                                                <\/div>\n<\/section>\n","protected":false},"excerpt":{"rendered":"","protected":false},"author":3,"featured_media":0,"parent":0,"menu_order":0,"comment_status":"closed","ping_status":"closed","template":"","meta":{"_acf_changed":false,"footnotes":""},"class_list":["post-1082","page","type-page","status-publish","hentry"],"acf":[],"card":"<article class=\"wp-component-card wp-component-card--style-highlighted\">\n        <div class=\"wp-component-card__content\">\n                <div>\n                                    <h2                            class=\"wp-component-card__title\"\n            >\n                Privacy policy        <\/h2>\n                    <\/div>\n                                    <div class=\"wp-component-card__button-wrapper\">\n                <a class=\"wp-component-button btn btn--primary btn--dark btn--small wp-component-card__button\" href=\"https:\/\/withsecure.vps.staging.elixirrdigital.com\/fi\/privacy-policy\/\">Lue lis\u00e4\u00e4<\/a>                            <\/div>\n            <\/div>\n<\/article>","_links":{"self":[{"href":"https:\/\/withsecure.vps.staging.elixirrdigital.com\/fi\/wp-json\/wp\/v2\/pages\/1082","targetHints":{"allow":["GET"]}}],"collection":[{"href":"https:\/\/withsecure.vps.staging.elixirrdigital.com\/fi\/wp-json\/wp\/v2\/pages"}],"about":[{"href":"https:\/\/withsecure.vps.staging.elixirrdigital.com\/fi\/wp-json\/wp\/v2\/types\/page"}],"author":[{"embeddable":true,"href":"https:\/\/withsecure.vps.staging.elixirrdigital.com\/fi\/wp-json\/wp\/v2\/users\/3"}],"replies":[{"embeddable":true,"href":"https:\/\/withsecure.vps.staging.elixirrdigital.com\/fi\/wp-json\/wp\/v2\/comments?post=1082"}],"version-history":[{"count":1,"href":"https:\/\/withsecure.vps.staging.elixirrdigital.com\/fi\/wp-json\/wp\/v2\/pages\/1082\/revisions"}],"predecessor-version":[{"id":1083,"href":"https:\/\/withsecure.vps.staging.elixirrdigital.com\/fi\/wp-json\/wp\/v2\/pages\/1082\/revisions\/1083"}],"wp:attachment":[{"href":"https:\/\/withsecure.vps.staging.elixirrdigital.com\/fi\/wp-json\/wp\/v2\/media?parent=1082"}],"curies":[{"name":"wp","href":"https:\/\/api.w.org\/{rel}","templated":true}]}}