{"id":1157,"date":"2025-11-18T10:21:34","date_gmt":"2025-11-18T10:21:34","guid":{"rendered":"https:\/\/withsecure.vps.staging.elixirrdigital.com\/?page_id=1157"},"modified":"2025-11-28T13:46:27","modified_gmt":"2025-11-28T13:46:27","slug":"website","status":"publish","type":"page","link":"https:\/\/withsecure.vps.staging.elixirrdigital.com\/fi\/website\/","title":{"rendered":"Website"},"content":{"rendered":"<section\n    class=\"wp-block-one-column-block edwp-block js-wp-block-one-column-block wp-block-one-column-block--content-1 layout--spacing-m-top layout--spacing-xxxl-bottom\"\n    >\n    <div class=\"wp-block-one-column-block__container\">\n                                                                                                                                <div class=\"wp-component-image__wrapper wp-block-one-column-block__image fade-in\">\n                    <figure class=\"wp-component-image__figure\">\n                    <img loading=\"lazy\" decoding=\"async\" width=\"1920\" height=\"504\" src=\"https:\/\/withsecure.vps.staging.elixirrdigital.com\/wp-content\/smush-webp\/2025\/11\/thin-legal.png.webp\" class=\"wp-component-image\n                        wp-component-image--desktop\n                        wp-component-image--mobile\n                        wp-component-image--ratio-content-32-8 wp-component-image--fit-cover\" alt=\"\" srcset=\"https:\/\/withsecure.vps.staging.elixirrdigital.com\/wp-content\/smush-webp\/2025\/11\/thin-legal.png.webp 1920w, https:\/\/withsecure.vps.staging.elixirrdigital.com\/wp-content\/smush-webp\/2025\/11\/thin-legal-300x79.png.webp 300w, https:\/\/withsecure.vps.staging.elixirrdigital.com\/wp-content\/smush-webp\/2025\/11\/thin-legal-1024x269.png.webp 1024w, https:\/\/withsecure.vps.staging.elixirrdigital.com\/wp-content\/smush-webp\/2025\/11\/thin-legal-768x202.png.webp 768w, https:\/\/withsecure.vps.staging.elixirrdigital.com\/wp-content\/smush-webp\/2025\/11\/thin-legal-1536x403.png.webp 1536w, https:\/\/withsecure.vps.staging.elixirrdigital.com\/wp-content\/smush-webp\/2025\/11\/thin-legal-447x117.png.webp 447w, https:\/\/withsecure.vps.staging.elixirrdigital.com\/wp-content\/smush-webp\/2025\/11\/thin-legal-556x146.png.webp 556w\" sizes=\"auto, (max-width: 1920px) 100vw, 1920px\" \/>                                <\/figure>\n                    <\/div>\n                                                                                <\/div>\n<\/section>\n\n\n<section\n    class=\"wp-block-one-column-block edwp-block js-wp-block-one-column-block wp-block-one-column-block--content-4 layout--spacing-xxxl-bottom\"\n     id='#licenceterms'>\n    <div class=\"wp-block-one-column-block__container\">\n                                                                                                                            <div class=\"wp-component-paragraph-with-sidebar wp-block-one-column-block__paragraph-with-sidebar fade-in\">\n    <div class=\"wp-component-paragraph-with-sidebar__sidebar\">\n                    <div class=\"wp-component-paragraph-with-sidebar__mobile-nav\">\n                <label\n                    for=\"block_107c4c4818d940bea7ad4c957c9f597d-mobile-nav\"\n                    class=\"wp-component-paragraph-with-sidebar__mobile-label\"\n                >\n                    Siirry kohtaan                <\/label>\n                <select\n                    id=\"block_107c4c4818d940bea7ad4c957c9f597d-mobile-nav\"\n                    name=\"wp-component-paragraph-with-sidebar-mobile-nav\"\n                    class=\"wp-component-paragraph-with-sidebar__mobile-select\"\n                    aria-label=\"Siirry sivulle\"\n                >\n                    <option value=\"\">Valitse sivu\u2026<\/option>\n                                            <option value=\"https:\/\/withsecure.vps.staging.elixirrdigital.com\/fi\/data-protection-statement\/\" >\n                            Tietosuojalausunto                        <\/option>\n                                            <option value=\"https:\/\/withsecure.vps.staging.elixirrdigital.com\/fi\/business-operations\/\" >\n                            Yritysliiketoiminta                        <\/option>\n                                            <option value=\"https:\/\/withsecure.vps.staging.elixirrdigital.com\/fi\/support-tool-privacy-policy\/\" >\n                            Tukity\u00f6kalut                        <\/option>\n                                            <option value=\"https:\/\/withsecure.vps.staging.elixirrdigital.com\/fi\/surveys\/\" >\n                            Asiakaskyselyt                        <\/option>\n                                            <option value=\"https:\/\/withsecure.vps.staging.elixirrdigital.com\/fi\/website\/\" >\n                            Verkkosivut                        <\/option>\n                                    <\/select>\n            <\/div>\n        \n        <div class=\"wp-component-paragraph-with-sidebar__desktop-links\">\n            <ul id=\"menu-yksityisyysperiaatteet\" class=\"wp-component-paragraph-with-sidebar__sidebar-menu\"><li id=\"menu-item-1091\" class=\"menu-item menu-item-type-post_type menu-item-object-page menu-item-1091\"><a href=\"https:\/\/withsecure.vps.staging.elixirrdigital.com\/fi\/data-protection-statement\/\">Tietosuojalausunto<\/a><\/li>\n<li id=\"menu-item-1094\" class=\"menu-item menu-item-type-post_type menu-item-object-page menu-item-1094\"><a href=\"https:\/\/withsecure.vps.staging.elixirrdigital.com\/fi\/business-operations\/\">Yritysliiketoiminta<\/a><\/li>\n<li id=\"menu-item-1088\" class=\"menu-item menu-item-type-post_type menu-item-object-page menu-item-1088\"><a href=\"https:\/\/withsecure.vps.staging.elixirrdigital.com\/fi\/support-tool-privacy-policy\/\">Tukity\u00f6kalut<\/a><\/li>\n<li id=\"menu-item-1155\" class=\"menu-item menu-item-type-post_type menu-item-object-page menu-item-1155\"><a href=\"https:\/\/withsecure.vps.staging.elixirrdigital.com\/fi\/surveys\/\">Asiakaskyselyt<\/a><\/li>\n<li id=\"menu-item-1160\" class=\"menu-item menu-item-type-post_type menu-item-object-page menu-item-1160\"><a href=\"https:\/\/withsecure.vps.staging.elixirrdigital.com\/fi\/website\/\">Verkkosivut<\/a><\/li>\n<\/ul>        <\/div>\n    <\/div>\n    <div class=\"wp-component-paragraph-with-sidebar__content\">\n        <div class=\"wp-component-paragraph wp-component-paragraph-with-sidebar__paragraph\">\n    <h1 class=\"text--h2\">Verkkosivustojen <span class=\"blue-text\">yksityisyysk\u00e4yt\u00e4nt\u00f6<\/span><\/h1>\n<h2 class=\"text--h3\">Tiivistelm\u00e4<\/h2>\n<ul>\n<li>K\u00e4yt\u00e4mme ev\u00e4steit\u00e4, verkkoj\u00e4ljitteit\u00e4 ja muita seurantatekniikoita, joilla saamme tietoja sivustojemme k\u00e4yt\u00f6st\u00e4 ja toiminnasta.<\/li>\n<li>Tarkoituksemme on parantaa sivustojen k\u00e4ytt\u00f6kokemusta ja tuotteidemme ja palvelujemme markkinointia.<\/li>\n<li>K\u00e4ytetyt tekniikat vaihtelevat tuotteen, palvelun ja sinua kiinnostavan tai k\u00e4ytt\u00e4m\u00e4si sivuston mukaan.<\/li>\n<\/ul>\n<h2 class=\"text--h3\">T\u00e4ysimittainen lauseke<\/h2>\n<p>T\u00e4ss\u00e4 k\u00e4yt\u00e4nn\u00f6ss\u00e4 kerrotaan verkkosivustojemme tietosuojaan liittyvist\u00e4 toimintatavoista. Verkkosivustoilla (tai sivustoilla) tarkoitetaan t\u00e4ss\u00e4 withsecure.com-toimialueen sis\u00e4ll\u00e4 olevia sivuja. Verkossa toimivat j\u00e4lleenmyyj\u00e4mme (esim. Cleverbridge AG) yll\u00e4pit\u00e4v\u00e4t omia tietosuojak\u00e4yt\u00e4nt\u00f6j\u00e4\u00e4n, jotka eiv\u00e4t sis\u00e4lly t\u00e4h\u00e4n k\u00e4yt\u00e4nt\u00f6\u00f6n. Tietoja yleisist\u00e4 tietosuojak\u00e4yt\u00e4nn\u00f6ist\u00e4mme on <a href=\"https:\/\/www2.withsecure.com\/fi\/about-us\/legal\/privacy\" target=\"_blank\" rel=\"noopener\">WithSecuren tietosuojalausunnossa<\/a>. Jos haluat tietoja siit\u00e4, kuinka dataasi k\u00e4sitell\u00e4\u00e4n tietyss\u00e4 palvelussa, tutustu palvelukohtaisiin tietosuojak\u00e4yt\u00e4nn\u00f6ihin, esim. <a href=\"https:\/\/www2.withsecure.com\/en\/about-us\/legal\/corporate-privacy?a=container-1451213931\" target=\"_blank\" rel=\"noopener\">EPP privacy policy<\/a> tietosuojak\u00e4yt\u00e4nt\u00f6\u00f6n.<\/p>\n<p>K\u00e4yt\u00e4mme ev\u00e4steit\u00e4 verkkosivustoillamme apuna sis\u00e4ll\u00f6n r\u00e4\u00e4t\u00e4l\u00f6inniss\u00e4, verkkosivuston parantamisessa ja kehitt\u00e4misess\u00e4 ja relevanttien verkkomarkkinointitoimien luomisessa. Kun k\u00e4yt sivustoillamme, hyv\u00e4ksyt t\u00e4llaisten ev\u00e4steiden k\u00e4yt\u00f6n. Voit my\u00f6s s\u00e4\u00e4t\u00e4\u00e4 valintojasi ev\u00e4steasetusten avulla. Ev\u00e4steasetuksesi pysyv\u00e4t aktiivisina vuoden valintasi j\u00e4lkeen. Ev\u00e4steen vanhentumisp\u00e4iv\u00e4m\u00e4\u00e4r\u00e4 riippuu ev\u00e4steen toimittajasta. Jos haluat poistaa ev\u00e4steet ennen niiden vanhentumisp\u00e4iv\u00e4\u00e4, voit tehd\u00e4 sen selainasetuksistasi.<\/p>\n<p>Jotkin ev\u00e4steet (toiminnalliset ev\u00e4steet) ovat pakollisia sivuston oikean toimimisen kannalta tai tietoturvasyist\u00e4, ja ne on m\u00e4\u00e4ritetty aina k\u00e4ytt\u00f6\u00f6n. T\u00e4m\u00e4 asiakirja ei koske t\u00e4llaisia olennaisia ev\u00e4steit\u00e4.<\/p>\n<h3 class=\"text--h4\">Web-sivuston mukautus ja kehitys<\/h3>\n<p>Ev\u00e4steill\u00e4 ja muilla tekniikoilla ker\u00e4ttyjen tietojen avulla voimme hahmottaa, milloin ja miten k\u00e4vij\u00e4t havaitsevat sivustomme, ovat niiden kanssa vuorovaikutuksessa ja poistuvat niilt\u00e4. T\u00e4m\u00e4n j\u00e4lkeen n\u00e4ill\u00e4 tiedolla<\/p>\n<p>parannetaan sivustojemme n\u00e4kyvyytt\u00e4 ja k\u00e4ytett\u00e4vyytt\u00e4,<br \/>\npaikannetaan mahdollisia teknisi\u00e4 ongelmia ja korjataan niit\u00e4,<br \/>\ntoimitetaan sinulle mukautettua ja oleellista tietoa, kuten hinnoittelutietoa<br \/>\nohjataan sinut oleellisemmalle aiheeseen liittyv\u00e4lle verkkosivulle (IP-osoitteen maakohtaisten sijaintitietojen perusteella).<br \/>\nOletusarvoisesti emme k\u00e4yt\u00e4 ev\u00e4steit\u00e4 verkkosivustoillamme vierailevien henkil\u00f6iden tunnistamiseen. Jos olet kuitenkin vapaaehtoisesti l\u00e4hett\u00e4nyt yhteystietosi WithSecurelle esimerkiksi tuotetta ostaessasi, tuotteen kokeiluversion lataamisen yhteydess\u00e4 tai kysely\u00e4 t\u00e4ytt\u00e4ess\u00e4si tai kilpailuun osallistuessasi, voimme luvallasi yhdist\u00e4\u00e4 verkkosivuston k\u00e4ytt\u00f6tietosi sinua koskeviin tietoihin ev\u00e4steiden avulla. Jos olet kiinnostunut yrityksille suunnatusta viestinn\u00e4st\u00e4mme, t\u00e4m\u00e4 sis\u00e4lt\u00e4\u00e4 my\u00f6s aiemmat WithSecure-sivuston selaustietosi. Jos sinulla on jo liiketoimintasuhde WithSecuren kanssa, tiedot yhdistet\u00e4\u00e4n tietoihin, joita olemme tallentaneet sinusta asiakastietojen hallintaymp\u00e4rist\u00f6\u00f6mme (CRM-j\u00e4rjestelmiin). Lue lis\u00e4tietoja.<\/p>\n<p>Laadimme tilastoja ja koontiraportteja sis\u00e4iseen k\u00e4ytt\u00f6\u00f6n sek\u00e4 jaettavaksi WithSecure-konserniin kuuluville yrityksille, kumppaneille ja alihankkijoille. My\u00f6s ulkoiset verkkoanalytiikkapalvelujen tarjoajat saattavat luoda ja julkaista koontiraportteja ker\u00e4tyist\u00e4 tiedoista. Tilastoissa ja koontiraporteissa ei ole yksitt\u00e4iseen sivustolla k\u00e4vij\u00e4\u00e4n yhdistett\u00e4viss\u00e4 olevia tietoja.<\/p>\n<h3 class=\"text--h4\">Web-markkinointitoimet<\/h3>\n<p>Ker\u00e4\u00e4mi\u00e4mme tietoja voidaan k\u00e4ytt\u00e4\u00e4 my\u00f6s markkinointiin. Kun saamme tietoja sivuista, joilla olet k\u00e4ynyt, tai aiemmin ostamistasi tuotteista, voimme kohdistaa markkinointia paremmin jatkossa.<\/p>\n<p>Teemme yhteisty\u00f6t\u00e4 my\u00f6s tietoja kokoavien toimijoiden ja verkkokauppasivustojen kanssa, jotta voimme kohdistaa mainontaa asiakkaillemme. K\u00e4yt\u00e4nn\u00f6ss\u00e4 t\u00e4m\u00e4 tarkoittaa sit\u00e4, ett\u00e4 kun k\u00e4yt sivustollamme tai kolmannen osapuolen kumppanisivustossa tai napsautat WithSecure-tuotteen tai -palvelun mainosta, toimenpiteit\u00e4si saatetaan seurata ev\u00e4steill\u00e4. Markkinointikumppanimme laativat n\u00e4m\u00e4 ev\u00e4steet, ja niit\u00e4 k\u00e4ytet\u00e4\u00e4n r\u00e4\u00e4t\u00e4l\u00f6ityjen WithSecureen liittyvien mainosten n\u00e4ytt\u00e4miseen muilla sivustoilla.<\/p>\n<p>Emme myy henkil\u00f6kohtaisia tietojasi kolmansille osapuolille. Tietoja, joita ei voida k\u00e4ytt\u00e4\u00e4 henkil\u00f6llisyyden m\u00e4\u00e4ritt\u00e4miseen, saatetaan jakaa mainostus- ja liiketoimintakumppaneillemme. He saattavat k\u00e4ytt\u00e4\u00e4 ev\u00e4steit\u00e4 seuratakseen, mit\u00e4 mainoksia olet n\u00e4hnyt ja mist\u00e4 tuotteista tai palveluista tunnut olevan kiinnostunut.<\/p>\n<h3 class=\"text--h4\">Yleisesti ev\u00e4steist\u00e4<\/h3>\n<p>Ev\u00e4steill\u00e4 voimme ker\u00e4t\u00e4 tietoja sivustomme k\u00e4yt\u00f6st\u00e4. N\u00e4it\u00e4 tietoja ovat muun muassa<\/p>\n<ul>\n<li>k\u00e4ytetyt selaimet ja k\u00e4ytt\u00f6j\u00e4rjestelm\u00e4t,<\/li>\n<li>viitesivustojen (liikenteen alkuper\u00e4n) toimialueet,<\/li>\n<li>vierailujen p\u00e4iv\u00e4m\u00e4\u00e4r\u00e4, aika, m\u00e4\u00e4r\u00e4 ja kesto,<\/li>\n<li>se, mit\u00e4 sivuja ja elementtej\u00e4 on katsottu,<\/li>\n<li>se, mit\u00e4 linkkej\u00e4, painikkeita tai muita kohteita on napsautettu<\/li>\n<li>ja mit\u00e4 lomakkeiden tekstikenttiin on kirjoitettu.<\/li>\n<\/ul>\n<p>Ev\u00e4steiss\u00e4 voi olla selaimessasi yksil\u00f6llisi\u00e4 tunnuksia, jotka ovat yleens\u00e4 satunnaisia numeroita ja kirjaimia sis\u00e4lt\u00e4vi\u00e4 merkkijonoja. Niiden avulla voimme tunnistaa selaimesi, kun palaat sivustollemme.<\/p>\n<p>K\u00e4yt\u00e4mme sek\u00e4 ensimm\u00e4isen osapuolen (WithSecuren m\u00e4\u00e4ritt\u00e4m\u00e4t) ett\u00e4 kolmannen osapuolen ev\u00e4steit\u00e4 (muun toimittajan kuin WithSecuren m\u00e4\u00e4ritt\u00e4m\u00e4t), jotka v\u00e4litt\u00e4v\u00e4t tietoja kyseiselle kolmannelle osapuolelle, kun vierailet WithSecuren sivustossa.<\/p>\n<p>Ev\u00e4steill\u00e4 my\u00f6s seurataan reaktioitasi sinulle l\u00e4hetett\u00e4viin s\u00e4hk\u00f6posteihin. N\u00e4in tied\u00e4mme, olemmeko onnistuneet viestin v\u00e4litt\u00e4misess\u00e4 sinulle.<\/p>\n<h3 class=\"text--h4\">Muuta ev\u00e4steasetuksia<\/h3>\n<p>Voit lopettaa ev\u00e4steperusteisen tietojen ker\u00e4\u00e4misen milloin tahansa peruuttamalla ev\u00e4steet (katso alla olevat vaihtoehdot) tai s\u00e4\u00e4t\u00e4m\u00e4ll\u00e4 selainasetuksia. Huomaa, ett\u00e4 jotkin sivustomme ominaisuudet edellytt\u00e4v\u00e4t ev\u00e4steiden k\u00e4ytt\u00f6\u00e4.<\/p>\n<p>Huomaa, ett\u00e4 n\u00e4m\u00e4 kieltomekanisimit toimivat selaimeen asetettavien ev\u00e4steiden avulla. T\u00e4m\u00e4n takia ev\u00e4steiden k\u00e4yt\u00f6n on oltava sallittu selaimessa, jotta n\u00e4it\u00e4 asetuksia voidaan k\u00e4ytt\u00e4\u00e4. Jos poistat tai tyhjenn\u00e4t ev\u00e4steet tai vaihdat k\u00e4ytt\u00e4m\u00e4\u00e4si selainta, n\u00e4m\u00e4 asetukset on m\u00e4\u00e4ritett\u00e4v\u00e4 uudelleen.<\/p>\n<h3 class=\"text--h4\">Kolmansien osapuolten ev\u00e4stetoimittajat<\/h3>\n<p>Ker\u00e4\u00e4mme joitakin tietoja ev\u00e4steiden kautta yll\u00e4 kuvatulla tavalla seuraavien palveluntarjoajien avulla.<\/p>\n<table class=\"t1 alignleft\" style=\"border-color: #000000; border-style: solid;\" border=\"1\" cellspacing=\"0\" cellpadding=\"0\">\n<tbody>\n<tr>\n<td class=\"td1\" valign=\"top\">\n<p class=\"p1\"><b>Ev\u00e4steen toimittaja<\/b><\/p>\n<\/td>\n<td class=\"td1\" valign=\"top\">\n<p class=\"p1\"><b>Ev\u00e4steen k\u00e4ytt\u00f6tarkoitus<\/b><\/p>\n<\/td>\n<td class=\"td1\" valign=\"top\">\n<p class=\"p1\"><b>Lue lis\u00e4\u00e4<\/b><\/p>\n<\/td>\n<\/tr>\n<tr>\n<td class=\"td1\" valign=\"top\">\n<p class=\"p2\">Demandbase<\/p>\n<\/td>\n<td class=\"td1\" valign=\"top\">\n<p class=\"p1\">Sivuston tietojen mittaaminen ja kehitt\u00e4minen, asiaankuuluvien mainosten toimittaminen<\/p>\n<\/td>\n<td class=\"td1\" valign=\"top\">\n<p class=\"p1\"><a href=\"https:\/\/www.demandbase.com\/cookies\/\" target=\"_blank\" rel=\"noopener\">Lue lis\u00e4\u00e4<\/a><\/p>\n<\/td>\n<\/tr>\n<tr>\n<td class=\"td1\" valign=\"top\">\n<p class=\"p1\">Meta<\/p>\n<\/td>\n<td class=\"td1\" valign=\"top\">\n<p class=\"p1\">Asiaankuuluvien mainosten toimittaminen<\/p>\n<\/td>\n<td class=\"td1\" valign=\"top\">\n<p class=\"p1\"><a href=\"https:\/\/www.facebook.com\/privacy\/policy\/\" target=\"_blank\" rel=\"noopener\">Lue lis\u00e4\u00e4<\/a><\/p>\n<\/td>\n<\/tr>\n<tr>\n<td class=\"td1\" valign=\"top\">\n<p class=\"p2\">Google Ads<\/p>\n<\/td>\n<td class=\"td1\" valign=\"top\">\n<p class=\"p1\">Asiaankuuluvien mainosten toimittaminen (my\u00f6s Google-signaalien kautta)<\/p>\n<\/td>\n<td class=\"td1\" valign=\"top\">\n<p class=\"p1\"><a href=\"https:\/\/policies.google.com\/privacy?hl=fi\" target=\"_blank\" rel=\"noopener\">Lue lis\u00e4\u00e4<\/a><\/p>\n<\/td>\n<\/tr>\n<tr>\n<td class=\"td1\" valign=\"top\">\n<p class=\"p2\">Google Analytics<\/p>\n<\/td>\n<td class=\"td1\" valign=\"top\">\n<p class=\"p1\">Sivuston tietojen mittaaminen ja kehitt\u00e4minen (my\u00f6s Google-signaalien kautta)<\/p>\n<\/td>\n<td class=\"td1\" valign=\"top\">\n<p class=\"p1\"><a href=\"https:\/\/policies.google.com\/privacy?hl=fi\" target=\"_blank\" rel=\"noopener\">Lue lis\u00e4\u00e4<\/a><\/p>\n<\/td>\n<\/tr>\n<tr>\n<td class=\"td1\" valign=\"top\">\n<p class=\"p2\">Google Marketing Platform<\/p>\n<\/td>\n<td class=\"td1\" valign=\"top\">\n<p class=\"p1\">Asiaankuuluvien mainosten toimittaminen (my\u00f6s Google-signaalien kautta)<\/p>\n<\/td>\n<td class=\"td1\" valign=\"top\">\n<p class=\"p1\"><a href=\"https:\/\/policies.google.com\/privacy?hl=fi\" target=\"_blank\" rel=\"noopener\">Lue lis\u00e4\u00e4<\/a><\/p>\n<\/td>\n<\/tr>\n<tr>\n<td class=\"td1\" valign=\"top\">\n<p class=\"p2\">Hotjar<\/p>\n<\/td>\n<td class=\"td1\" valign=\"top\">\n<p class=\"p1\">Sivuston tietojen mittaaminen ja kehitt\u00e4minen<\/p>\n<\/td>\n<td class=\"td1\" valign=\"top\">\n<p class=\"p1\"><a href=\"https:\/\/www.hotjar.com\/legal\/policies\/privacy\" target=\"_blank\" rel=\"noopener\">Lue lis\u00e4\u00e4<\/a><\/p>\n<\/td>\n<\/tr>\n<tr>\n<td class=\"td1\" valign=\"top\">\n<p class=\"p2\">LinkedIn<\/p>\n<\/td>\n<td class=\"td1\" valign=\"top\">\n<p class=\"p1\">Asiaankuuluvien mainosten toimittaminen<\/p>\n<\/td>\n<td class=\"td1\" valign=\"top\">\n<p class=\"p1\"><a href=\"https:\/\/www.linkedin.com\/legal\/cookie-policy\" target=\"_blank\" rel=\"noopener\">Lue lis\u00e4\u00e4<\/a><\/p>\n<\/td>\n<\/tr>\n<tr>\n<td class=\"td1\" valign=\"top\">\n<p class=\"p2\">Microsoft Advertising<\/p>\n<\/td>\n<td class=\"td1\" valign=\"top\">\n<p class=\"p1\">Asiaankuuluvien mainosten toimittaminen<\/p>\n<\/td>\n<td class=\"td1\" valign=\"top\">\n<p class=\"p1\"><a href=\"https:\/\/help.ads.microsoft.com\/#apex\/3\/en\/53056\/2\" target=\"_blank\" rel=\"noopener\">Lue lis\u00e4\u00e4<\/a><\/p>\n<\/td>\n<\/tr>\n<tr>\n<td class=\"td1\" valign=\"top\">\n<p class=\"p2\">Taboola<\/p>\n<\/td>\n<td class=\"td1\" valign=\"top\">\n<p class=\"p1\">Asiaankuuluvien mainosten toimittaminen<\/p>\n<\/td>\n<td class=\"td1\" valign=\"top\">\n<p class=\"p1\"><a href=\"https:\/\/www.taboola.com\/privacy-policy\" target=\"_blank\" rel=\"noopener\">Lue lis\u00e4\u00e4<\/a><\/p>\n<\/td>\n<\/tr>\n<tr>\n<td class=\"td1\" valign=\"top\">\n<p class=\"p2\">ZoomInfo<\/p>\n<\/td>\n<td class=\"td1\" valign=\"top\">\n<p class=\"p1\">WithSecure Cloud Protection for Salesforce Verkkosivuston mittaus ja parantaminen, relevanttien mainosten tarjoaminen.<\/p>\n<\/td>\n<td class=\"td1\" valign=\"top\">\n<p class=\"p1\"><a href=\"https:\/\/www.zoominfo.com\/legal\/privacy-policy\" target=\"_blank\" rel=\"noopener\">Lue lis\u00e4\u00e4<\/a><\/p>\n<\/td>\n<\/tr>\n<\/tbody>\n<\/table>\n<h2 class=\"text--h3\">Kolmannen osapuolen sivustot<\/h2>\n<p>Emme ole vastuussa mist\u00e4\u00e4n kolmansien osapuolten sivustoista, joille siirryt sivustomme kautta, eik\u00e4 t\u00e4m\u00e4 k\u00e4yt\u00e4nt\u00f6 kata niiden k\u00e4yt\u00e4nt\u00f6j\u00e4. Web-sivustomme yksityisyysk\u00e4yt\u00e4nt\u00f6 ei kata kolmansien osapuolten sivustojen ker\u00e4\u00e4mi\u00e4 tietoja, joten lue niiden tietosuojalausunnot tarkkaan.<\/p>\n<p>WithSecure ei hallinnoi kolmansien osapuolten sivustojen ev\u00e4steit\u00e4. Kolmannet osapuolet ovat vastuussa n\u00e4iden ev\u00e4steiden toiminnasta ja henkil\u00f6kohtaisten tietojen k\u00e4sittelemisest\u00e4.<\/p>\n<p>Kolmansien osapuolten ev\u00e4steiden hyv\u00e4ksymis- ja est\u00e4misk\u00e4yt\u00e4nn\u00f6t vaihtelevat markkinointikampanjakohtaisesti, ja niiden m\u00e4\u00e4ritykset tulevat kolmansilta osapuolilta ja sovellettavista laeista.<\/p>\n<\/div>\n    <\/div>\n<\/div>                                                                                <\/div>\n<\/section>\n","protected":false},"excerpt":{"rendered":"","protected":false},"author":3,"featured_media":0,"parent":0,"menu_order":0,"comment_status":"closed","ping_status":"closed","template":"","meta":{"_acf_changed":false,"footnotes":""},"class_list":["post-1157","page","type-page","status-publish","hentry"],"acf":[],"card":"<article class=\"wp-component-card wp-component-card--style-highlighted\">\n        <div class=\"wp-component-card__content\">\n                <div>\n                                    <h2                            class=\"wp-component-card__title\"\n            >\n                Website        <\/h2>\n                    <\/div>\n                                    <div class=\"wp-component-card__button-wrapper\">\n                <a class=\"wp-component-button btn btn--primary btn--dark btn--small wp-component-card__button\" href=\"https:\/\/withsecure.vps.staging.elixirrdigital.com\/fi\/website\/\">Lue lis\u00e4\u00e4<\/a>                            <\/div>\n            <\/div>\n<\/article>","_links":{"self":[{"href":"https:\/\/withsecure.vps.staging.elixirrdigital.com\/fi\/wp-json\/wp\/v2\/pages\/1157","targetHints":{"allow":["GET"]}}],"collection":[{"href":"https:\/\/withsecure.vps.staging.elixirrdigital.com\/fi\/wp-json\/wp\/v2\/pages"}],"about":[{"href":"https:\/\/withsecure.vps.staging.elixirrdigital.com\/fi\/wp-json\/wp\/v2\/types\/page"}],"author":[{"embeddable":true,"href":"https:\/\/withsecure.vps.staging.elixirrdigital.com\/fi\/wp-json\/wp\/v2\/users\/3"}],"replies":[{"embeddable":true,"href":"https:\/\/withsecure.vps.staging.elixirrdigital.com\/fi\/wp-json\/wp\/v2\/comments?post=1157"}],"version-history":[{"count":1,"href":"https:\/\/withsecure.vps.staging.elixirrdigital.com\/fi\/wp-json\/wp\/v2\/pages\/1157\/revisions"}],"predecessor-version":[{"id":1159,"href":"https:\/\/withsecure.vps.staging.elixirrdigital.com\/fi\/wp-json\/wp\/v2\/pages\/1157\/revisions\/1159"}],"wp:attachment":[{"href":"https:\/\/withsecure.vps.staging.elixirrdigital.com\/fi\/wp-json\/wp\/v2\/media?parent=1157"}],"curies":[{"name":"wp","href":"https:\/\/api.w.org\/{rel}","templated":true}]}}