{"id":3626,"date":"2026-04-01T16:58:01","date_gmt":"2026-04-01T15:58:01","guid":{"rendered":"https:\/\/withsecure.vps.staging.elixirrdigital.com\/request-a-free-trial\/"},"modified":"2026-04-23T10:52:29","modified_gmt":"2026-04-23T09:52:29","slug":"tilaa-maksuton-kokeilu","status":"publish","type":"page","link":"https:\/\/withsecure.vps.staging.elixirrdigital.com\/fi\/tilaa-maksuton-kokeilu\/","title":{"rendered":"Tilaa maksuton kokeilu"},"content":{"rendered":"<section\n    class=\"wp-block-one-column-block edwp-block js-wp-block-one-column-block wp-block-one-column-block--content-1 layout--spacing-xxxxl-top layout--spacing-xl-bottom\"\n    >\n    <div class=\"wp-block-one-column-block__container\">\n                                                                                                                            <div class=\"wp-component-content wp-component-content--default wp-block-one-column-block__content fade-in\">\n            <h1 class=\"wp-component-heading text--h2 wp-component-content__title\">\n    Tilaa maksuton kokeilusi <span class=\"blue-text\">jo t\u00e4n\u00e4\u00e4n.<\/span><\/h1>                    <div class=\"wp-component-content__inner\">\n                                                    <div class=\"wp-component-content__content wysiwyg\">\n                        <div class=\"wp-component-paragraph \">\n    <p class=\"text--p-medium\">N\u00e4e WithSecure Elements k\u00e4yt\u00e4nn\u00f6ss\u00e4.<\/p>\n<\/div>\n                    <\/div>\n                                            <\/div>\n                <\/div>                                                                                <\/div>\n<\/section>\n\n\n<section\n    class=\"wp-block-one-column-block edwp-block js-wp-block-one-column-block wp-block-one-column-block--content-1 layout--none-top layout--spacing-xxxl-bottom\"\n    >\n    <div class=\"wp-block-one-column-block__container\">\n                                                                                                                                <div class=\"wp-component-image__wrapper wp-block-one-column-block__image fade-in\">\n                            <figure class=\"wp-component-image__figure\">\n                <img loading=\"lazy\" decoding=\"async\" width=\"2560\" height=\"1440\" src=\"https:\/\/withsecure.vps.staging.elixirrdigital.com\/wp-content\/smush-webp\/2026\/04\/generic_3@2x-scaled.jpg.webp\" class=\"wp-component-image wp-component-image--desktop wp-component-image--ratio-content-32-8 wp-component-image--fit-cover\" alt=\"\" srcset=\"https:\/\/withsecure.vps.staging.elixirrdigital.com\/wp-content\/smush-webp\/2026\/04\/generic_3@2x-scaled.jpg.webp 2560w, https:\/\/withsecure.vps.staging.elixirrdigital.com\/wp-content\/smush-webp\/2026\/04\/generic_3@2x-300x169.jpg.webp 300w, https:\/\/withsecure.vps.staging.elixirrdigital.com\/wp-content\/smush-webp\/2026\/04\/generic_3@2x-1024x576.jpg.webp 1024w, https:\/\/withsecure.vps.staging.elixirrdigital.com\/wp-content\/smush-webp\/2026\/04\/generic_3@2x-768x432.jpg.webp 768w, https:\/\/withsecure.vps.staging.elixirrdigital.com\/wp-content\/smush-webp\/2026\/04\/generic_3@2x-1536x864.jpg.webp 1536w, https:\/\/withsecure.vps.staging.elixirrdigital.com\/wp-content\/smush-webp\/2026\/04\/generic_3@2x-2048x1152.jpg.webp 2048w, https:\/\/withsecure.vps.staging.elixirrdigital.com\/wp-content\/smush-webp\/2026\/04\/generic_3@2x-447x251.jpg.webp 447w, https:\/\/withsecure.vps.staging.elixirrdigital.com\/wp-content\/smush-webp\/2026\/04\/generic_3@2x-700x394.jpg.webp 700w, https:\/\/withsecure.vps.staging.elixirrdigital.com\/wp-content\/smush-webp\/2026\/04\/generic_3@2x-260x146.jpg.webp 260w\" sizes=\"auto, (max-width: 2560px) 100vw, 2560px\" \/>                            <\/figure>\n            <figure class=\"wp-component-image__figure\">\n                <img loading=\"lazy\" decoding=\"async\" width=\"2560\" height=\"1440\" src=\"https:\/\/withsecure.vps.staging.elixirrdigital.com\/wp-content\/smush-webp\/2026\/04\/generic_3@2x-scaled.jpg.webp\" class=\"wp-component-image wp-component-image--mobile \n                wp-component-image--ratio-content-3-2\n             \n                wp-component-image--fit-cover\n            \" alt=\"\" srcset=\"https:\/\/withsecure.vps.staging.elixirrdigital.com\/wp-content\/smush-webp\/2026\/04\/generic_3@2x-scaled.jpg.webp 2560w, https:\/\/withsecure.vps.staging.elixirrdigital.com\/wp-content\/smush-webp\/2026\/04\/generic_3@2x-300x169.jpg.webp 300w, https:\/\/withsecure.vps.staging.elixirrdigital.com\/wp-content\/smush-webp\/2026\/04\/generic_3@2x-1024x576.jpg.webp 1024w, https:\/\/withsecure.vps.staging.elixirrdigital.com\/wp-content\/smush-webp\/2026\/04\/generic_3@2x-768x432.jpg.webp 768w, https:\/\/withsecure.vps.staging.elixirrdigital.com\/wp-content\/smush-webp\/2026\/04\/generic_3@2x-1536x864.jpg.webp 1536w, https:\/\/withsecure.vps.staging.elixirrdigital.com\/wp-content\/smush-webp\/2026\/04\/generic_3@2x-2048x1152.jpg.webp 2048w, https:\/\/withsecure.vps.staging.elixirrdigital.com\/wp-content\/smush-webp\/2026\/04\/generic_3@2x-447x251.jpg.webp 447w, https:\/\/withsecure.vps.staging.elixirrdigital.com\/wp-content\/smush-webp\/2026\/04\/generic_3@2x-700x394.jpg.webp 700w, https:\/\/withsecure.vps.staging.elixirrdigital.com\/wp-content\/smush-webp\/2026\/04\/generic_3@2x-260x146.jpg.webp 260w\" sizes=\"auto, (max-width: 2560px) 100vw, 2560px\" \/>                            <\/figure>\n            <\/div>\n                                                                                <\/div>\n<\/section>\n\n\n<section\n    class=\"wp-block-form-block edwp-block layout--none-top layout--spacing-xxxl-bottom\"\n    >\n    <div class=\"wp-block-form-block__container\">\n        <div class=\"wp-block-form-block__box row-load\">\n            <div class=\"wp-block-form-block__content\">\n                <h2 class=\"wp-component-heading text--h2 wp-block-form-block__title\">\n    Tilaa maksuton <span class=\"blue-text\">kokeilu.<\/span><\/h2><div class=\"wp-component-paragraph wp-block-form-block__description\">\n    <div class=\"ewa-rteLine\">\n<div class=\"ewa-rteLine\">Saat p\u00e4\u00e4syn WithSecure Elementsiin ja voit testata kaikkia tuotemoduleja. Tiimimme ohjaa sinut kokeilujakson l\u00e4pi.<\/div>\n<\/div>\n<\/div>\n            <\/div>\n                <div class=\"wp-component-form wp-block-form-block__form\">\n                                    <div class=\"wp-component-form__salesforce-form\">\n                <form action=\"https:\/\/webto.salesforce.com\/servlet\/servlet.WebToLead?encoding=UTF-8&#038;orgId=00D5I000000GJpl\" method=\"POST\">\n<input type=\"hidden\" name='captcha_settings' value='{\"keyname\":\"recaptcha_V2_INVISIBLE_Prod\",\"fallback\":\"true\",\"orgId\":\"00D5I000000GJpl\",\"ts\":\"\"}'><br \/>\n<input type=\"hidden\" name=\"oid\" value=\"00D5I000000GJpl\" \/><br \/>\n<input type=\"hidden\" name=\"Campaign_ID\" value=\"701Tt00000iFKV0IAO\"><br \/>\n<input type=\"hidden\" name=\"Business_Unit__c\" value=\"Business Security\"><br \/>\n<input type=\"hidden\" name=\"lead_source\" value=\"Online Marketing\"><br \/>\n<input type=\"hidden\" name=\"Lead_Type__c\" value=\"Partner\"><br \/>\n<input type=\"hidden\" name=\"Lead_Request_Touchpoint__c\" value=\"PW MSP Contact International\"><br \/>\n<input type=\"hidden\" name=\"Lead_Request_Type__c\" value=\"Contact request\"><br \/>\n<input type=\"hidden\" name=\"SFMC_Journey_ID__c\" value=\"b2b-contact-us\"><br \/>\n<input type=\"hidden\" name=\"SFMC_Business_Unit__c\" value=\"SFMC_B2B\"><br \/>\n<input type=\"hidden\" name=\"retURL\" value=\"https:\/\/www.withsecure.com\/fi\/thank-you\/\"><br \/>\n<input type=\"hidden\" name=\"Language__c\" value=\"Finnish\"><\/p>\n<p><label for=\"first_name\">Etunimi <sup>*<\/sup><\/label><input  id=\"first_name\" maxlength=\"40\" name=\"first_name\" size=\"20\" type=\"text\" required \/><br \/>\n<label for=\"last_name\">Sukunimi <sup>*<\/sup><\/label><input  id=\"last_name\" maxlength=\"80\" name=\"last_name\" size=\"20\" type=\"text\" required \/><br \/>\n<label for=\"email\">S\u00e4hk\u00f6posti <sup>*<\/sup><\/label><input  id=\"email\" maxlength=\"80\" name=\"email\" size=\"20\" type=\"email\" required \/><br \/>\n<label for=\"company\">Yritys <sup>*<\/sup><\/label><input  id=\"company\" maxlength=\"40\" name=\"company\" size=\"20\" type=\"text\" required \/><br \/>\n<label for=\"country\">Country <sup>*<\/sup><\/label><br \/>\n<select id=\"country\" name=\"country\" required ><option value=\"\">&#8211;None&#8211;<\/option><option value=\"Afghanistan\">Afghanistan<\/option><option value=\"Aland Islands\">Aland Islands<\/option><option value=\"Albania\">Albania<\/option><option value=\"Algeria\">Algeria<\/option><option value=\"Andorra\">Andorra<\/option><option value=\"Angola\">Angola<\/option><option value=\"Anguilla\">Anguilla<\/option><option value=\"Antarctica\">Antarctica<\/option><option value=\"Antigua and Barbuda\">Antigua and Barbuda<\/option><option value=\"Argentina\">Argentina<\/option><option value=\"Armenia\">Armenia<\/option><option value=\"Aruba\">Aruba<\/option><option value=\"Australia\">Australia<\/option><option value=\"Austria\">Austria<\/option><option value=\"Azerbaijan\">Azerbaijan<\/option><option value=\"Bahamas\">Bahamas<\/option><option value=\"Bahrain\">Bahrain<\/option><option value=\"Bangladesh\">Bangladesh<\/option><option value=\"Barbados\">Barbados<\/option><option value=\"Belarus\">Belarus<\/option><option value=\"Belgium\">Belgium<\/option><option value=\"Belize\">Belize<\/option><option value=\"Benin\">Benin<\/option><option value=\"Bermuda\">Bermuda<\/option><option value=\"Bhutan\">Bhutan<\/option><option value=\"Bolivia\">Bolivia<\/option><option value=\"Bonaire, Sint Eustatius and Saba\">Bonaire, Sint Eustatius and Saba<\/option><option value=\"Bosnia and Herzegovina\">Bosnia and Herzegovina<\/option><option value=\"Botswana\">Botswana<\/option><option value=\"Bouvet Island\">Bouvet Island<\/option><option value=\"Brazil\">Brazil<\/option><option value=\"Brunei\">Brunei<\/option><option value=\"Bulgaria\">Bulgaria<\/option><option value=\"Burkina Faso\">Burkina Faso<\/option><option value=\"Burundi\">Burundi<\/option><option value=\"Cambodia\">Cambodia<\/option><option value=\"Cameroon\">Cameroon<\/option><option value=\"Canada\">Canada<\/option><option value=\"Cape Verde\">Cape Verde<\/option><option value=\"Cayman Islands\">Cayman Islands<\/option><option value=\"Central African Republic\">Central African Republic<\/option><option value=\"Chad\">Chad<\/option><option value=\"Chile\">Chile<\/option><option value=\"China\">China<\/option><option value=\"Christmas Island\">Christmas Island<\/option><option value=\"Cocos (Keeling) Islands\">Cocos (Keeling) Islands<\/option><option value=\"Colombia\">Colombia<\/option><option value=\"Comoros\">Comoros<\/option><option value=\"Congo\">Congo<\/option><option value=\"Congo, the Democratic Republic of the\">Congo, the Democratic Republic of the<\/option><option value=\"Cook Islands\">Cook Islands<\/option><option value=\"Costa Rica\">Costa Rica<\/option><option value=\"Cote d'Ivoire\">Cote d&#8217;Ivoire<\/option><option value=\"Croatia\">Croatia<\/option><option value=\"Cuba\">Cuba<\/option><option value=\"Curacao\">Curacao<\/option><option value=\"Cyprus\">Cyprus<\/option><option value=\"Czech Republic\">Czech Republic<\/option><option value=\"Denmark\">Denmark<\/option><option value=\"Djibouti\">Djibouti<\/option><option value=\"Dominica\">Dominica<\/option><option value=\"Dominican Republic\">Dominican Republic<\/option><option value=\"Ecuador\">Ecuador<\/option><option value=\"Egypt\">Egypt<\/option><option value=\"El Salvador\">El Salvador<\/option><option value=\"Equatorial Guinea\">Equatorial Guinea<\/option><option value=\"Eritrea\">Eritrea<\/option><option value=\"Estonia\">Estonia<\/option><option value=\"Ethiopia\">Ethiopia<\/option><option value=\"Falkland Islands (Malvinas)\">Falkland Islands (Malvinas)<\/option><option value=\"Faroe Islands\">Faroe Islands<\/option><option value=\"Fiji\">Fiji<\/option><option value=\"Finland\">Finland<\/option><option value=\"France\">France<\/option><option value=\"French Guiana\">French Guiana<\/option><option value=\"French Polynesia\">French Polynesia<\/option><option value=\"French Southern Territories\">French Southern Territories<\/option><option value=\"Gabon\">Gabon<\/option><option value=\"Gambia\">Gambia<\/option><option value=\"Georgia\">Georgia<\/option><option value=\"Germany\">Germany<\/option><option value=\"Ghana\">Ghana<\/option><option value=\"Gibraltar\">Gibraltar<\/option><option value=\"Unknown\">Unknown<\/option><option value=\"Greece\">Greece<\/option><option value=\"Greenland\">Greenland<\/option><option value=\"Grenada\">Grenada<\/option><option value=\"Guadeloupe\">Guadeloupe<\/option><option value=\"Guatemala\">Guatemala<\/option><option value=\"Guernsey\">Guernsey<\/option><option value=\"Guinea\">Guinea<\/option><option value=\"Guinea-Bissau\">Guinea-Bissau<\/option><option value=\"Guyana\">Guyana<\/option><option value=\"Haiti\">Haiti<\/option><option value=\"Heard Island and McDonald Islands\">Heard Island and McDonald Islands<\/option><option value=\"Holy See (Vatican City State)\">Holy See (Vatican City State)<\/option><option value=\"Honduras\">Honduras<\/option><option value=\"Hong Kong\">Hong Kong<\/option><option value=\"Hungary\">Hungary<\/option><option value=\"Iceland\">Iceland<\/option><option value=\"India\">India<\/option><option value=\"Indonesia\">Indonesia<\/option><option value=\"Iran\">Iran<\/option><option value=\"Iraq\">Iraq<\/option><option value=\"Ireland\">Ireland<\/option><option value=\"Isle of Man\">Isle of Man<\/option><option value=\"Israel\">Israel<\/option><option value=\"Italy\">Italy<\/option><option value=\"Jamaica\">Jamaica<\/option><option value=\"Japan\">Japan<\/option><option value=\"Jersey\">Jersey<\/option><option value=\"Jordan\">Jordan<\/option><option value=\"Kazakhstan\">Kazakhstan<\/option><option value=\"Kenya\">Kenya<\/option><option value=\"Kiribati\">Kiribati<\/option><option value=\"North Korea\">North Korea<\/option><option value=\"South Korea\">South Korea<\/option><option value=\"Kosovo\">Kosovo<\/option><option value=\"Kuwait\">Kuwait<\/option><option value=\"Kyrgyzstan\">Kyrgyzstan<\/option><option value=\"Laos\">Laos<\/option><option value=\"Latvia\">Latvia<\/option><option value=\"Lebanon\">Lebanon<\/option><option value=\"Lesotho\">Lesotho<\/option><option value=\"Liberia\">Liberia<\/option><option value=\"Libya\">Libya<\/option><option value=\"Liechtenstein\">Liechtenstein<\/option><option value=\"Lithuania\">Lithuania<\/option><option value=\"Luxembourg\">Luxembourg<\/option><option value=\"Macao\">Macao<\/option><option value=\"North Macedonia\">North Macedonia<\/option><option value=\"Madagascar\">Madagascar<\/option><option value=\"Malawi\">Malawi<\/option><option value=\"Malaysia\">Malaysia<\/option><option value=\"Maldives\">Maldives<\/option><option value=\"Mali\">Mali<\/option><option value=\"Malta\">Malta<\/option><option value=\"Martinique\">Martinique<\/option><option value=\"Mauritania\">Mauritania<\/option><option value=\"Mauritius\">Mauritius<\/option><option value=\"Mayotte\">Mayotte<\/option><option value=\"Mexico\">Mexico<\/option><option value=\"Moldova\">Moldova<\/option><option value=\"Monaco\">Monaco<\/option><option value=\"Mongolia\">Mongolia<\/option><option value=\"Montenegro\">Montenegro<\/option><option value=\"Montserrat\">Montserrat<\/option><option value=\"Morocco\">Morocco<\/option><option value=\"Mozambique\">Mozambique<\/option><option value=\"Myanmar\">Myanmar<\/option><option value=\"Namibia\">Namibia<\/option><option value=\"Nauru\">Nauru<\/option><option value=\"Nepal\">Nepal<\/option><option value=\"Netherlands\">Netherlands<\/option><option value=\"New Caledonia\">New Caledonia<\/option><option value=\"New Zealand\">New Zealand<\/option><option value=\"Nicaragua\">Nicaragua<\/option><option value=\"Niger\">Niger<\/option><option value=\"Nigeria\">Nigeria<\/option><option value=\"Niue\">Niue<\/option><option value=\"Norfolk Island\">Norfolk Island<\/option><option value=\"Norway\">Norway<\/option><option value=\"Oman\">Oman<\/option><option value=\"Pakistan\">Pakistan<\/option><option value=\"Palestinian Territory, Occupied\">Palestinian Territory, Occupied<\/option><option value=\"Panama\">Panama<\/option><option value=\"Papua New Guinea\">Papua New Guinea<\/option><option value=\"Paraguay\">Paraguay<\/option><option value=\"Peru\">Peru<\/option><option value=\"Philippines\">Philippines<\/option><option value=\"Pitcairn\">Pitcairn<\/option><option value=\"Poland\">Poland<\/option><option value=\"Portugal\">Portugal<\/option><option value=\"Puerto Rico\">Puerto Rico<\/option><option value=\"Qatar\">Qatar<\/option><option value=\"Reunion\">Reunion<\/option><option value=\"Romania\">Romania<\/option><option value=\"Russia\">Russia<\/option><option value=\"Rwanda\">Rwanda<\/option><option value=\"Saint Barthelemy\">Saint Barthelemy<\/option><option value=\"Saint Helena, Ascension and Tristan da Cunha\">Saint Helena, Ascension and Tristan da Cunha<\/option><option value=\"Saint Kitts and Nevis\">Saint Kitts and Nevis<\/option><option value=\"Saint Lucia\">Saint Lucia<\/option><option value=\"Saint Martin (French part)\">Saint Martin (French part)<\/option><option value=\"Saint Pierre and Miquelon\">Saint Pierre and Miquelon<\/option><option value=\"Saint Vincent and the Grenadines\">Saint Vincent and the Grenadines<\/option><option value=\"Samoa\">Samoa<\/option><option value=\"San Marino\">San Marino<\/option><option value=\"Sao Tome and Principe\">Sao Tome and Principe<\/option><option value=\"Saudi Arabia\">Saudi Arabia<\/option><option value=\"Senegal\">Senegal<\/option><option value=\"Serbia\">Serbia<\/option><option value=\"Seychelles\">Seychelles<\/option><option value=\"Sierra Leone\">Sierra Leone<\/option><option value=\"Singapore\">Singapore<\/option><option value=\"Sint Maarten (Dutch part)\">Sint Maarten (Dutch part)<\/option><option value=\"Slovakia\">Slovakia<\/option><option value=\"Slovenia\">Slovenia<\/option><option value=\"Solomon Islands\">Solomon Islands<\/option><option value=\"Somalia\">Somalia<\/option><option value=\"South Africa\">South Africa<\/option><option value=\"South Georgia and the South Sandwich Islands\">South Georgia and the South Sandwich Islands<\/option><option value=\"South Sudan\">South Sudan<\/option><option value=\"Spain\">Spain<\/option><option value=\"Sri Lanka\">Sri Lanka<\/option><option value=\"Sudan\">Sudan<\/option><option value=\"Suriname\">Suriname<\/option><option value=\"Svalbard and Jan Mayen\">Svalbard and Jan Mayen<\/option><option value=\"Eswatini\">Eswatini<\/option><option value=\"Sweden\">Sweden<\/option><option value=\"Switzerland\">Switzerland<\/option><option value=\"Syria\">Syria<\/option><option value=\"Taiwan\">Taiwan<\/option><option value=\"Tajikistan\">Tajikistan<\/option><option value=\"Tanzania\">Tanzania<\/option><option value=\"Thailand\">Thailand<\/option><option value=\"Timor-Leste\">Timor-Leste<\/option><option value=\"Togo\">Togo<\/option><option value=\"Tokelau\">Tokelau<\/option><option value=\"Tonga\">Tonga<\/option><option value=\"Trinidad and Tobago\">Trinidad and Tobago<\/option><option value=\"Tunisia\">Tunisia<\/option><option value=\"Turkey\">Turkey<\/option><option value=\"Turkmenistan\">Turkmenistan<\/option><option value=\"Turks and Caicos Islands\">Turks and Caicos Islands<\/option><option value=\"Tuvalu\">Tuvalu<\/option><option value=\"Uganda\">Uganda<\/option><option value=\"Ukraine\">Ukraine<\/option><option value=\"United Arab Emirates\">United Arab Emirates<\/option><option value=\"United Kingdom\">United Kingdom<\/option><option value=\"United States\">United States<\/option><option value=\"Uruguay\">Uruguay<\/option><option value=\"Uzbekistan\">Uzbekistan<\/option><option value=\"Wallis and Futuna\">Wallis and Futuna<\/option><option value=\"Vanuatu\">Vanuatu<\/option><option value=\"Venezuela\">Venezuela<\/option><option value=\"Western Sahara\">Western Sahara<\/option><option value=\"Vietnam\">Vietnam<\/option><option value=\"Virgin Islands, British\">Virgin Islands, British<\/option><option value=\"Yemen\">Yemen<\/option><option value=\"Zambia\">Zambia<\/option><option value=\"Zimbabwe\">Zimbabwe<\/option><\/select><br \/>\n<label for=\"description\">Lis\u00e4tietoja<\/label><textarea name=\"description\"><\/textarea><\/p>\n<div class=\"g-recaptcha\" data-sitekey=\"6LcV_RcmAAAAAHWWIMXyJPdiWlyEKxToRrg5AtRP\"><\/div>\n<p>\n<input type=\"submit\" name=\"submit\" class=\"btn btn--primary\"><br \/>\n<\/form>\n<p><script src=\"https:\/\/www.google.com\/recaptcha\/api.js\"><\/script><br \/>\n<script>\n  function timestamp() {\n    var response = document.getElementById(\"g-recaptcha-response\");\n    if (response == null || response.value.trim() == \"\") {\n      var elems = JSON.parse(\n        document.getElementsByName(\"captcha_settings\")[0].value\n      );\n      elems[\"ts\"] = JSON.stringify(new Date().getTime());\n      document.getElementsByName(\"captcha_settings\")[0].value =\n        JSON.stringify(elems);\n    }\n  }\n  setInterval(timestamp, 500);\n<\/script><\/p>\n            <\/div>\n                    <\/div>\n        <\/div>\n    <\/div>\n<\/section>\n","protected":false},"excerpt":{"rendered":"","protected":false},"author":3,"featured_media":0,"parent":0,"menu_order":0,"comment_status":"closed","ping_status":"closed","template":"","meta":{"_acf_changed":false,"footnotes":""},"class_list":["post-3626","page","type-page","status-publish","hentry"],"acf":[],"card":"<article class=\"wp-component-card wp-component-card--style-highlighted\">\n        <div class=\"wp-component-card__content\">\n                <div>\n                                    <h2                            class=\"wp-component-card__title\"\n            >\n                Tilaa maksuton kokeilu        <\/h2>\n                    <\/div>\n                                    <div class=\"wp-component-card__button-wrapper\">\n                <a class=\"wp-component-button btn btn--primary btn--dark btn--small wp-component-card__button\" href=\"https:\/\/withsecure.vps.staging.elixirrdigital.com\/fi\/tilaa-maksuton-kokeilu\/\">Lue lis\u00e4\u00e4<\/a>                            <\/div>\n            <\/div>\n<\/article>","_links":{"self":[{"href":"https:\/\/withsecure.vps.staging.elixirrdigital.com\/fi\/wp-json\/wp\/v2\/pages\/3626","targetHints":{"allow":["GET"]}}],"collection":[{"href":"https:\/\/withsecure.vps.staging.elixirrdigital.com\/fi\/wp-json\/wp\/v2\/pages"}],"about":[{"href":"https:\/\/withsecure.vps.staging.elixirrdigital.com\/fi\/wp-json\/wp\/v2\/types\/page"}],"author":[{"embeddable":true,"href":"https:\/\/withsecure.vps.staging.elixirrdigital.com\/fi\/wp-json\/wp\/v2\/users\/3"}],"replies":[{"embeddable":true,"href":"https:\/\/withsecure.vps.staging.elixirrdigital.com\/fi\/wp-json\/wp\/v2\/comments?post=3626"}],"version-history":[{"count":6,"href":"https:\/\/withsecure.vps.staging.elixirrdigital.com\/fi\/wp-json\/wp\/v2\/pages\/3626\/revisions"}],"predecessor-version":[{"id":4801,"href":"https:\/\/withsecure.vps.staging.elixirrdigital.com\/fi\/wp-json\/wp\/v2\/pages\/3626\/revisions\/4801"}],"wp:attachment":[{"href":"https:\/\/withsecure.vps.staging.elixirrdigital.com\/fi\/wp-json\/wp\/v2\/media?parent=3626"}],"curies":[{"name":"wp","href":"https:\/\/api.w.org\/{rel}","templated":true}]}}